{"id":835,"date":"2024-09-23T13:31:26","date_gmt":"2024-09-23T11:31:26","guid":{"rendered":"https:\/\/uztarroz.es\/udala\/udal-plan-orokorra\/"},"modified":"2024-11-08T11:01:49","modified_gmt":"2024-11-08T10:01:49","slug":"udal-plan-orokorra","status":"publish","type":"page","link":"https:\/\/uztarroz.es\/eu\/udala\/udal-plan-orokorra\/","title":{"rendered":"Udal Plan Orokorra"},"content":{"rendered":"<p>[et_pb_section fb_built=&#8221;1&#8243; fullwidth=&#8221;on&#8221; _builder_version=&#8221;4.27.0&#8243; _module_preset=&#8221;default&#8221; background_image=&#8221;https:\/\/uztarroz.es\/wp-content\/uploads\/2024\/09\/Uztarroz-lainotuta-Baselizatik-Uztarroz-con-niebla-desde-la-ermita.jpg&#8221; bottom_divider_style=&#8221;curve2&#8243; bottom_divider_color=&#8221;#FFFFFF&#8221; global_colors_info=&#8221;{}&#8221;][et_pb_fullwidth_image alt=&#8221;Uztarrozeko udaletxea&#8221; title_text=&#8221;Uztarrozeko udaletxea&#8221; _builder_version=&#8221;4.27.0&#8243; _module_preset=&#8221;default&#8221; min_height=&#8221;450px&#8221; height=&#8221;450px&#8221; global_colors_info=&#8221;{}&#8221;][\/et_pb_fullwidth_image][\/et_pb_section][et_pb_section fb_built=&#8221;1&#8243; _builder_version=&#8221;4.27.0&#8243; _module_preset=&#8221;default&#8221; border_width_bottom=&#8221;1px&#8221; border_color_bottom=&#8221;#000000&#8243; border_style_bottom=&#8221;dotted&#8221; global_colors_info=&#8221;{}&#8221;][et_pb_row _builder_version=&#8221;4.27.0&#8243; _module_preset=&#8221;default&#8221; global_colors_info=&#8221;{}&#8221;][et_pb_column type=&#8221;4_4&#8243; _builder_version=&#8221;4.27.0&#8243; _module_preset=&#8221;default&#8221; global_colors_info=&#8221;{}&#8221;][et_pb_post_title meta=&#8221;off&#8221; featured_image=&#8221;off&#8221; _builder_version=&#8221;4.27.0&#8243; _module_preset=&#8221;default&#8221; title_font=&#8221;|700|||||||&#8221; border_width_bottom=&#8221;1px&#8221; border_style_bottom=&#8221;dotted&#8221; global_colors_info=&#8221;{}&#8221;][\/et_pb_post_title][\/et_pb_column][\/et_pb_row][et_pb_row column_structure=&#8221;1_4,3_4&#8243; _builder_version=&#8221;4.27.0&#8243; _module_preset=&#8221;default&#8221; global_colors_info=&#8221;{}&#8221;][et_pb_column type=&#8221;1_4&#8243; _builder_version=&#8221;4.27.0&#8243; _module_preset=&#8221;default&#8221; global_colors_info=&#8221;{}&#8221;][et_pb_blurb url=&#8221;@ET-DC@eyJkeW5hbWljIjp0cnVlLCJjb250ZW50IjoicG9zdF9saW5rX3VybF9hdHRhY2htZW50Iiwic2V0dGluZ3MiOnsicG9zdF9pZCI6IjYwNSJ9fQ==@&#8221; url_new_window=&#8221;on&#8221; image=&#8221;https:\/\/uztarroz.es\/wp-content\/uploads\/2024\/09\/Plan-General-municipal.jpg&#8221; alt=&#8221;Udal Plan Orokorra&#8221; admin_label=&#8221;Plan General Municipal %91PDF%93&#8243; _builder_version=&#8221;4.27.0&#8243; _dynamic_attributes=&#8221;url,link_option_url&#8221; _module_preset=&#8221;default&#8221; text_orientation=&#8221;center&#8221; link_option_url=&#8221;@ET-DC@eyJkeW5hbWljIjp0cnVlLCJjb250ZW50IjoicG9zdF9saW5rX3VybF9hdHRhY2htZW50Iiwic2V0dGluZ3MiOnsicG9zdF9pZCI6IjYwNSJ9fQ==@&#8221; link_option_url_new_window=&#8221;on&#8221; border_width_all_image=&#8221;1px&#8221; global_colors_info=&#8221;{}&#8221;]<\/p>\n<p>Udal Plan Orokorra [PDF]<\/p>\n<p>[\/et_pb_blurb][et_pb_icon font_icon=&#8221;&#xe092;||divi||400&#8243; url=&#8221;@ET-DC@eyJkeW5hbWljIjp0cnVlLCJjb250ZW50IjoicG9zdF9saW5rX3VybF9hdHRhY2htZW50Iiwic2V0dGluZ3MiOnsicG9zdF9pZCI6IjYwNSJ9fQ==@&#8221; url_new_window=&#8221;on&#8221; admin_label=&#8221;Descarga&#8221; _builder_version=&#8221;4.27.0&#8243; _dynamic_attributes=&#8221;url&#8221; _module_preset=&#8221;default&#8221; global_colors_info=&#8221;{}&#8221;][\/et_pb_icon][\/et_pb_column][et_pb_column type=&#8221;3_4&#8243; _builder_version=&#8221;4.27.0&#8243; _module_preset=&#8221;default&#8221; global_colors_info=&#8221;{}&#8221;][et_pb_text _builder_version=&#8221;4.27.0&#8243; _module_preset=&#8221;default&#8221; global_colors_info=&#8221;{}&#8221;]<\/p>\n<p><strong>MEMORIA INFORMATIVA<\/strong><br \/>I.\u2013AN\u00c1LISIS Y DIAGN\u00d3STICO TERRITORIAL<br \/>II.\u2013EVALUACI\u00d3N DE LAS NORMAS SUBSIDIARIAS VIGENTES Y GRADO DE CUMPLIMIENTO<br \/>III.\u2013ADECUACI\u00d3N A LOS INSTRUMENTOS DE ORDENACI\u00d3N TERRITORIAL<br \/>IV.\u2013INUNDABILIDAD<\/p>\n<p><strong>MEMORIA JUSTIFICATIVA Y DESCRIPTIVA<\/strong><br \/>I.\u2013FINES Y OBJETIVOS DEL PLANEAMIENTO<br \/>II.\u2013CRITERIOS DE ORDENACI\u00d3N.<br \/>III.\u2013MODELO DE OCUPACI\u00d3N DEL SUELO Y PROPUESTA DE ORDENACI\u00d3N<br \/>IV.\u2013JUSTIFICACI\u00d3N DE LA ADECUACI\u00d3N DEL PLAN A LAS DETERMINACIONES LEGALES<\/p>\n<p><strong>PROGRAMA DE DESARROLLO Y EJECUCI\u00d3N DEL PLAN GENERAL DE UZT\u00c1RROZ<\/strong><\/p>\n<p><strong>ESTUDIO ECON\u00d3MICO FINANCIERO<\/strong><br \/>I.\u2013NATURALEZA Y OBJETO<br \/>II.\u2013COSTES DE URBANIZACI\u00d3N Y VIABILIDAD ECON\u00d3MICA DE LAS \u00c1REAS DE ACTUACI\u00d3N<br \/>ASISTEM\u00c1TICA Y DE LAS UNIDADES DE EJECUCI\u00d3N<\/p>\n<p><strong>INFORME DE SOSTENIBILIDAD ECON\u00d3MICA R.D. 1492\/2011 DE 24 DE OCTUBRE<\/strong><br \/>I.\u2013NATURALEZA Y OBJETO<br \/>II.\u2013HACIENDA LOCAL<br \/>III.\u2013INGRESOS MUNICIPALES DERIVADOS DE LA EJECUCI\u00d3N DEL PLANEAMIENTO<br \/>IV.\u2013CONCLUSI\u00d3N<\/p>\n<p>&nbsp;<\/p>\n<p>[\/et_pb_text][\/et_pb_column][\/et_pb_row][\/et_pb_section]<\/p>\n","protected":false},"excerpt":{"rendered":"<p>Udal Plan Orokorra [PDF]MEMORIA INFORMATIVAI.\u2013AN\u00c1LISIS Y DIAGN\u00d3STICO TERRITORIALII.\u2013EVALUACI\u00d3N DE LAS NORMAS SUBSIDIARIAS VIGENTES Y GRADO DE CUMPLIMIENTOIII.\u2013ADECUACI\u00d3N A LOS INSTRUMENTOS DE ORDENACI\u00d3N TERRITORIALIV.\u2013INUNDABILIDAD MEMORIA JUSTIFICATIVA Y DESCRIPTIVAI.\u2013FINES Y OBJETIVOS DEL PLANEAMIENTOII.\u2013CRITERIOS DE ORDENACI\u00d3N.III.\u2013MODELO DE OCUPACI\u00d3N DEL SUELO Y PROPUESTA DE ORDENACI\u00d3NIV.\u2013JUSTIFICACI\u00d3N DE LA ADECUACI\u00d3N DEL PLAN A LAS DETERMINACIONES LEGALES PROGRAMA DE DESARROLLO Y EJECUCI\u00d3N [&hellip;]<\/p>\n","protected":false},"author":1,"featured_media":781,"parent":816,"menu_order":0,"comment_status":"closed","ping_status":"closed","template":"","meta":{"_et_pb_use_builder":"on","_et_pb_old_content":"","_et_gb_content_width":"","footnotes":""},"class_list":["post-835","page","type-page","status-publish","has-post-thumbnail","hentry"],"_links":{"self":[{"href":"https:\/\/uztarroz.es\/eu\/wp-json\/wp\/v2\/pages\/835","targetHints":{"allow":["GET"]}}],"collection":[{"href":"https:\/\/uztarroz.es\/eu\/wp-json\/wp\/v2\/pages"}],"about":[{"href":"https:\/\/uztarroz.es\/eu\/wp-json\/wp\/v2\/types\/page"}],"author":[{"embeddable":true,"href":"https:\/\/uztarroz.es\/eu\/wp-json\/wp\/v2\/users\/1"}],"replies":[{"embeddable":true,"href":"https:\/\/uztarroz.es\/eu\/wp-json\/wp\/v2\/comments?post=835"}],"version-history":[{"count":0,"href":"https:\/\/uztarroz.es\/eu\/wp-json\/wp\/v2\/pages\/835\/revisions"}],"up":[{"embeddable":true,"href":"https:\/\/uztarroz.es\/eu\/wp-json\/wp\/v2\/pages\/816"}],"wp:featuredmedia":[{"embeddable":true,"href":"https:\/\/uztarroz.es\/eu\/wp-json\/wp\/v2\/media\/781"}],"wp:attachment":[{"href":"https:\/\/uztarroz.es\/eu\/wp-json\/wp\/v2\/media?parent=835"}],"curies":[{"name":"wp","href":"https:\/\/api.w.org\/{rel}","templated":true}]}}