{"id":865,"date":"2024-09-20T10:48:09","date_gmt":"2024-09-20T08:48:09","guid":{"rendered":"https:\/\/uztarroz.es\/herria\/herriko-zerbitzuak\/"},"modified":"2025-08-11T16:32:38","modified_gmt":"2025-08-11T14:32:38","slug":"herriko-zerbitzuak","status":"publish","type":"page","link":"https:\/\/uztarroz.es\/eu\/herria\/herriko-zerbitzuak\/","title":{"rendered":"Herriko zerbitzuak"},"content":{"rendered":"<p>[et_pb_section fb_built=&#8221;1&#8243; fullwidth=&#8221;on&#8221; _builder_version=&#8221;4.27.0&#8243; _module_preset=&#8221;default&#8221; background_image=&#8221;https:\/\/uztarroz.es\/wp-content\/uploads\/2024\/09\/Uztarroz-Uztarroze-frontoia-parkea-komunak.jpg&#8221; background_position=&#8221;bottom_center&#8221; background_vertical_offset=&#8221;17%&#8221; bottom_divider_style=&#8221;curve2&#8243; bottom_divider_color=&#8221;#FFFFFF&#8221; global_colors_info=&#8221;{}&#8221;][et_pb_fullwidth_image alt=&#8221;Xeiak eta ospakizunak&#8221; title_text=&#8221;Xeiak eta ospakizunak&#8221; _builder_version=&#8221;4.27.0&#8243; _module_preset=&#8221;default&#8221; transform_translate=&#8221;-4px|221px&#8221; min_height=&#8221;450px&#8221; height=&#8221;450px&#8221; global_colors_info=&#8221;{}&#8221;][\/et_pb_fullwidth_image][\/et_pb_section][et_pb_section fb_built=&#8221;1&#8243; _builder_version=&#8221;4.27.0&#8243; _module_preset=&#8221;default&#8221; border_width_bottom=&#8221;1px&#8221; border_color_bottom=&#8221;#000000&#8243; border_style_bottom=&#8221;dotted&#8221; global_colors_info=&#8221;{}&#8221;][et_pb_row _builder_version=&#8221;4.27.0&#8243; _module_preset=&#8221;default&#8221; custom_padding=&#8221;||3px|||&#8221; global_colors_info=&#8221;{}&#8221;][et_pb_column type=&#8221;4_4&#8243; _builder_version=&#8221;4.27.0&#8243; _module_preset=&#8221;default&#8221; global_colors_info=&#8221;{}&#8221;][et_pb_post_title meta=&#8221;off&#8221; featured_image=&#8221;off&#8221; _builder_version=&#8221;4.27.0&#8243; _module_preset=&#8221;default&#8221; title_font=&#8221;|700|||||||&#8221; border_width_bottom=&#8221;1px&#8221; border_style_bottom=&#8221;dotted&#8221; global_colors_info=&#8221;{}&#8221;][\/et_pb_post_title][\/et_pb_column][\/et_pb_row][et_pb_row column_structure=&#8221;1_3,2_3&#8243; admin_label=&#8221;Kontsultategi medikoa&#8221; _builder_version=&#8221;4.27.0&#8243; _module_preset=&#8221;default&#8221; border_width_bottom=&#8221;1px&#8221; border_style_bottom=&#8221;dotted&#8221; global_colors_info=&#8221;{}&#8221;][et_pb_column type=&#8221;1_3&#8243; _builder_version=&#8221;4.27.0&#8243; _module_preset=&#8221;default&#8221; global_colors_info=&#8221;{}&#8221;][et_pb_image src=&#8221;https:\/\/uztarroz.es\/wp-content\/uploads\/2024\/09\/Consultorio_Uztarroz.jpg&#8221; alt=&#8221;Kontsultategi medikoa&#8221; title_text=&#8221;Kontsultategi medikoa&#8221; _builder_version=&#8221;4.27.0&#8243; _module_preset=&#8221;default&#8221; global_colors_info=&#8221;{}&#8221;][\/et_pb_image][\/et_pb_column][et_pb_column type=&#8221;2_3&#8243; _builder_version=&#8221;4.27.0&#8243; _module_preset=&#8221;default&#8221; global_colors_info=&#8221;{}&#8221;][et_pb_text _builder_version=&#8221;4.27.0&#8243; _module_preset=&#8221;default&#8221; header_2_font_size=&#8221;18px&#8221; global_colors_info=&#8221;{}&#8221;]<\/p>\n<h2><strong>Kontsultategi medikoa<\/strong><\/h2>\n<p>Herriko plazan dago. Aldez aurretik hitzordua eskatu behar da 948 893 366\/34 948 893 444 telefonora deituta (goizez bakarrik). Gainerako orduetan deitu Nafarroako Larrialdietako 112 telefonora, Izabako osasun-etxera.<\/p>\n<p>[\/et_pb_text][\/et_pb_column][\/et_pb_row][et_pb_row column_structure=&#8221;1_3,2_3&#8243; admin_label=&#8221;Ibai-igerilekua&#8221; _builder_version=&#8221;4.27.0&#8243; _module_preset=&#8221;default&#8221; border_width_bottom=&#8221;1px&#8221; border_style_bottom=&#8221;dotted&#8221; global_colors_info=&#8221;{}&#8221;][et_pb_column type=&#8221;1_3&#8243; _builder_version=&#8221;4.27.0&#8243; _module_preset=&#8221;default&#8221; global_colors_info=&#8221;{}&#8221;][et_pb_image src=&#8221;https:\/\/uztarroz.es\/wp-content\/uploads\/2024\/09\/Piscina-fluvial-de-Uztarroz-Uztarrozeko-ibai-igerilekua.jpg&#8221; alt=&#8221;Uztarrozeko ibai igerilekua&#8221; title_text=&#8221;Uztarrozeko ibai igerilekua&#8221; _builder_version=&#8221;4.27.0&#8243; _module_preset=&#8221;default&#8221; global_colors_info=&#8221;{}&#8221;][\/et_pb_image][\/et_pb_column][et_pb_column type=&#8221;2_3&#8243; _builder_version=&#8221;4.27.0&#8243; _module_preset=&#8221;default&#8221; global_colors_info=&#8221;{}&#8221;][et_pb_text _builder_version=&#8221;4.27.0&#8243; _module_preset=&#8221;default&#8221; header_2_font_size=&#8221;18px&#8221; global_colors_info=&#8221;{}&#8221;]<\/p>\n<h2><strong>Ibai-igerilekua<\/strong><\/h2>\n<p>Garilean eta agorrilean Zabalea zubiaren azpian presa bat jartzen da bainatzeko gune eder bat sortuz. Osasun Departamentuaren analisien arabera, kalitate handiko ura izaten da.<\/p>\n<p>[\/et_pb_text][\/et_pb_column][\/et_pb_row][et_pb_row column_structure=&#8221;1_3,2_3&#8243; admin_label=&#8221;Pilotalekua, parkea eta komunak&#8221; _builder_version=&#8221;4.27.0&#8243; _module_preset=&#8221;default&#8221; border_width_bottom=&#8221;1px&#8221; border_style_bottom=&#8221;dotted&#8221; global_colors_info=&#8221;{}&#8221;][et_pb_column type=&#8221;1_3&#8243; _builder_version=&#8221;4.27.0&#8243; _module_preset=&#8221;default&#8221; global_colors_info=&#8221;{}&#8221;][et_pb_image src=&#8221;https:\/\/uztarroz.es\/wp-content\/uploads\/2024\/09\/Uztarroz-Uztarroze-frontoia-parkea-komunak.jpg&#8221; alt=&#8221;Uztarrozeko pilotalekua, parkea eta komunak&#8221; title_text=&#8221;Uztarrozeko pilotalekua, parkea eta komunak&#8221; _builder_version=&#8221;4.27.0&#8243; _module_preset=&#8221;default&#8221; global_colors_info=&#8221;{}&#8221;][\/et_pb_image][\/et_pb_column][et_pb_column type=&#8221;2_3&#8243; _builder_version=&#8221;4.27.0&#8243; _module_preset=&#8221;default&#8221; global_colors_info=&#8221;{}&#8221;][et_pb_text _builder_version=&#8221;4.27.4&#8243; _module_preset=&#8221;default&#8221; header_2_font_size=&#8221;18px&#8221; global_colors_info=&#8221;{}&#8221;]<\/p>\n<h2><strong>Pilotalekua, haur-parkea eta komunak<\/strong><\/h2>\n<ul>\n<li><strong>Pilotalekua:<\/strong> zabalik dago eta argiak modu honetan funtzionatzen du:<\/li>\n<\/ul>\n<p><strong>DOAKO TARTEAK<\/strong> (soilik programatutako ordutegian piztuko da argia):<br \/>Ordutegiak:<br \/>Azaroaren 1etik martxoaren 30era: 18:00tatik 20:00tara<br \/>Apirilaren 1etik maiatzaren 30era: 20:00tatik 21:00tara<br \/>Abuztuaren 15etik urriaren 30ra: 20:00tatik 21:00tara<br \/>&#8211; Ordutegi hauetan frontoia erabiltzeko lehentasuna adin txikikoek izango dute, 2 ordu jarraian direnean lehen orduan soilik izango dute lehentasuna.<br \/>&#8211; Ordutegi hauetan argia pizteko sakatu botoi berdea, itzaltzeko sakatu gorria. Mesedez, izan arduratsua eta joaterakoan argia itzali.<\/p>\n<p><strong>ORDAINDUZ<\/strong>:<br \/>Ordutegi horietatik kanpo, argia ordu batez izateko 4\u20ac ordaindu beharko dira.<br \/>Sartu kutxan 1\u20acko 4 txanpon bata bestearen jarraian (ezin dira 10 segundu baino gehiago pasa<br \/>txanpon batetik bestera eta soilik 1\u20acko txanponak).<\/p>\n<p>Gozatu eta arduratu espazio partekatu honetaz!<\/p>\n<p>&nbsp;<\/p>\n<ul>\n<li><strong>Haur-parkea:<\/strong> pilotalekuaren ondoan dago eta haurrak jolasteko zenbait elementu ditu.<\/li>\n<\/ul>\n<p>&nbsp;<\/p>\n<ul>\n<li><strong>Komunak:<\/strong> pilotalekuaren ondoan daude, zabalik daude.<\/li>\n<\/ul>\n<p>[\/et_pb_text][\/et_pb_column][\/et_pb_row][et_pb_row column_structure=&#8221;1_3,2_3&#8243; admin_label=&#8221;Kanpalekua&#8221; _builder_version=&#8221;4.27.0&#8243; _module_preset=&#8221;default&#8221; border_width_bottom=&#8221;1px&#8221; border_style_bottom=&#8221;dotted&#8221; global_colors_info=&#8221;{}&#8221;][et_pb_column type=&#8221;1_3&#8243; _builder_version=&#8221;4.27.0&#8243; _module_preset=&#8221;default&#8221; global_colors_info=&#8221;{}&#8221;][et_pb_image src=&#8221;https:\/\/uztarroz.es\/wp-content\/uploads\/2024\/09\/Kanping1.jpg&#8221; alt=&#8221;Kanpalekua&#8221; title_text=&#8221;Kanpalekua&#8221; _builder_version=&#8221;4.27.0&#8243; _module_preset=&#8221;default&#8221; global_colors_info=&#8221;{}&#8221;][\/et_pb_image][\/et_pb_column][et_pb_column type=&#8221;2_3&#8243; _builder_version=&#8221;4.27.0&#8243; _module_preset=&#8221;default&#8221; global_colors_info=&#8221;{}&#8221;][et_pb_text _builder_version=&#8221;4.27.2&#8243; _module_preset=&#8221;default&#8221; header_2_font_size=&#8221;18px&#8221; global_colors_info=&#8221;{}&#8221;]<\/p>\n<h2><strong>Kanpalekua<\/strong><\/h2>\n<p>Herritik 2 kilometrora, Otsagabirako noranzkoan, Urona alderdia dago. Bertan iturri bat eta zenbait askaldegi daude, atseden hartzeko leku ezin hobea. Ondoan, mendian sartuta, libreki kanpatzeko 3 zelai daude. Kanpalekuak 2 dutxa eta 2 bainugela ditu, horiek erabili ahal izateko Udalarekin harremanetan jarri behar da.<\/p>\n<p>[\/et_pb_text][\/et_pb_column][\/et_pb_row][et_pb_row column_structure=&#8221;1_3,2_3&#8243; admin_label=&#8221;%22Egoiargu%22 erabilera anitzetako aretoa&#8221; _builder_version=&#8221;4.27.0&#8243; _module_preset=&#8221;default&#8221; border_width_bottom=&#8221;1px&#8221; border_style_bottom=&#8221;dotted&#8221; global_colors_info=&#8221;{}&#8221;][et_pb_column type=&#8221;1_3&#8243; _builder_version=&#8221;4.27.0&#8243; _module_preset=&#8221;default&#8221; global_colors_info=&#8221;{}&#8221;][et_pb_image src=&#8221;https:\/\/uztarroz.es\/wp-content\/uploads\/2024\/09\/Ayuntamiento-de-Uztarroz-Uztarrozeko-udaletxea-scaled.jpg&#8221; alt=&#8221;Uztarrozeko udaletxea&#8221; title_text=&#8221;Uztarrozeko udaletxea&#8221; _builder_version=&#8221;4.27.0&#8243; _module_preset=&#8221;default&#8221; global_colors_info=&#8221;{}&#8221;][\/et_pb_image][\/et_pb_column][et_pb_column type=&#8221;2_3&#8243; _builder_version=&#8221;4.27.0&#8243; _module_preset=&#8221;default&#8221; global_colors_info=&#8221;{}&#8221;][et_pb_text _builder_version=&#8221;4.27.4&#8243; _module_preset=&#8221;default&#8221; header_2_font_size=&#8221;18px&#8221; global_colors_info=&#8221;{}&#8221;]<\/p>\n<h2><strong>&#8220;Egoiargu&#8221; erabilera anitzetako aretoa<\/strong><\/h2>\n<p>Udaletxeko sotoan dago. Areto zabala da, sukaldearekin eta bainugelarekin. Erantsirik, aretoa erabiltzeko araudia.<\/p>\n<p><a href=\"https:\/\/uztarroz.es\/wp-content\/uploads\/2025\/08\/EGOIARGU-erabilera-arauak.pdf\" target=\"_blank\" rel=\"noopener\">ERABILERA ARAUAK<\/a><\/p>\n<p>[\/et_pb_text][\/et_pb_column][\/et_pb_row][et_pb_row column_structure=&#8221;1_3,2_3&#8243; admin_label=&#8221;Uronako eta Mintxateko askaldegiak&#8221; _builder_version=&#8221;4.27.0&#8243; _module_preset=&#8221;default&#8221; border_width_bottom=&#8221;1px&#8221; border_style_bottom=&#8221;dotted&#8221; global_colors_info=&#8221;{}&#8221;][et_pb_column type=&#8221;1_3&#8243; _builder_version=&#8221;4.27.0&#8243; _module_preset=&#8221;default&#8221; global_colors_info=&#8221;{}&#8221;][et_pb_image src=&#8221;https:\/\/uztarroz.es\/wp-content\/uploads\/2024\/09\/urona1.jpg&#8221; alt=&#8221;Urona&#8221; title_text=&#8221;Urona&#8221; _builder_version=&#8221;4.27.0&#8243; _module_preset=&#8221;default&#8221; global_colors_info=&#8221;{}&#8221;][\/et_pb_image][\/et_pb_column][et_pb_column type=&#8221;2_3&#8243; _builder_version=&#8221;4.27.0&#8243; _module_preset=&#8221;default&#8221; global_colors_info=&#8221;{}&#8221;][et_pb_text _builder_version=&#8221;4.27.0&#8243; _module_preset=&#8221;default&#8221; header_2_font_size=&#8221;18px&#8221; global_colors_info=&#8221;{}&#8221;]<\/p>\n<h2><strong>Uronako eta Mintxateko askaldegiak<\/strong><\/h2>\n<p>Lehenengoa Otsagabirako noranzkoan 2 kilometrora dago, eta bigarrena Izabako noranzkoan 2 kilometrora. Biek barbakoa, mahaiak, paperontziak eta ura dituzte.<\/p>\n<p>[\/et_pb_text][\/et_pb_column][\/et_pb_row][et_pb_row column_structure=&#8221;1_3,2_3&#8243; admin_label=&#8221;Bidexkak&#8221; _builder_version=&#8221;4.27.0&#8243; _module_preset=&#8221;default&#8221; border_width_bottom=&#8221;1px&#8221; border_style_bottom=&#8221;dotted&#8221; global_colors_info=&#8221;{}&#8221;][et_pb_column type=&#8221;1_3&#8243; _builder_version=&#8221;4.27.0&#8243; _module_preset=&#8221;default&#8221; global_colors_info=&#8221;{}&#8221;][et_pb_image src=&#8221;https:\/\/uztarroz.es\/wp-content\/uploads\/2024\/09\/SLNA-71.jpg&#8221; alt=&#8221;SLNA-71&#8243; title_text=&#8221;SLNA-71&#8243; _builder_version=&#8221;4.27.0&#8243; _module_preset=&#8221;default&#8221; global_colors_info=&#8221;{}&#8221;][\/et_pb_image][\/et_pb_column][et_pb_column type=&#8221;2_3&#8243; _builder_version=&#8221;4.27.0&#8243; _module_preset=&#8221;default&#8221; global_colors_info=&#8221;{}&#8221;][et_pb_text _builder_version=&#8221;4.27.0&#8243; _module_preset=&#8221;default&#8221; header_2_font_size=&#8221;18px&#8221; global_colors_info=&#8221;{}&#8221;]<\/p>\n<h2><strong>Bidexkak<\/strong><\/h2>\n<p>Herrian 2 bidexka homologatu daude, Erronkaribarko Bidexken Sarearen barruan.<\/p>\n<ul>\n<li><a href=\"https:\/\/senderosvallederoncal.com\/eu\/sl-na-herriko-bidexkak\/sl-na-71-uztarrozeko-txokoak\/\" target=\"_blank\" rel=\"noopener\">SL\u00ae-NA 71. Uztarrozeko txokoak <\/a><\/li>\n<li><a href=\"https:\/\/senderosvallederoncal.com\/eu\/gr-ibilbide-luzeak\/gr-321-errege-bidea-aldaera-3-izaba-uztarroze\/\" target=\"_blank\" rel=\"noopener\">GR\u00ae321. Errege Bidea. 3. Bide-adarra. Izaba-Uztarroze <\/a><\/li>\n<\/ul>\n<p>&nbsp;<\/p>\n<p>[\/et_pb_text][\/et_pb_column][\/et_pb_row][et_pb_row column_structure=&#8221;1_3,2_3&#8243; admin_label=&#8221;BTT ibilbideak&#8221; _builder_version=&#8221;4.27.0&#8243; _module_preset=&#8221;default&#8221; border_width_bottom=&#8221;1px&#8221; border_style_bottom=&#8221;dotted&#8221; global_colors_info=&#8221;{}&#8221;][et_pb_column type=&#8221;1_3&#8243; _builder_version=&#8221;4.27.0&#8243; _module_preset=&#8221;default&#8221; global_colors_info=&#8221;{}&#8221;][et_pb_image src=&#8221;https:\/\/uztarroz.es\/wp-content\/uploads\/2024\/09\/Xabalkoa.jpg&#8221; alt=&#8221;Xabalkoa&#8221; title_text=&#8221;Xabalkoa&#8221; _builder_version=&#8221;4.27.0&#8243; _module_preset=&#8221;default&#8221; global_colors_info=&#8221;{}&#8221;][\/et_pb_image][\/et_pb_column][et_pb_column type=&#8221;2_3&#8243; _builder_version=&#8221;4.27.0&#8243; _module_preset=&#8221;default&#8221; global_colors_info=&#8221;{}&#8221;][et_pb_text _builder_version=&#8221;4.27.0&#8243; _module_preset=&#8221;default&#8221; header_2_font_size=&#8221;18px&#8221; global_colors_info=&#8221;{}&#8221;]<\/p>\n<h2><strong>BTT ibilbideak<\/strong><\/h2>\n<p>Ibarreko gainerako herri guztietan bezala, Uztarrozek 2 BTT ibilbide ditu:\u00a0<\/p>\n<ul>\n<li>Punta Luno: <a href=\"https:\/\/www.esquilarrabelagua.com\/eu\/ibilbideak\/xabalkoa\/\" target=\"_blank\" rel=\"noopener\">https:\/\/www.esquilarrabelagua.com\/eu\/ibilbideak\/xabalkoa\/<\/a><\/li>\n<li>Xabalkoa: <a href=\"https:\/\/www.esquilarrabelagua.com\/rutas\/xabalkoa\/\" target=\"_blank\" rel=\"noopener\">https:\/\/www.esquilarrabelagua.com\/rutas\/xabalkoa\/<\/a><\/li>\n<\/ul>\n<p>&nbsp;<\/p>\n<p>[\/et_pb_text][\/et_pb_column][\/et_pb_row][et_pb_row admin_label=&#8221;Ehiza eta onddo barrutiak&#8221; _builder_version=&#8221;4.27.0&#8243; _module_preset=&#8221;default&#8221; border_width_bottom=&#8221;1px&#8221; border_style_bottom=&#8221;dotted&#8221; global_colors_info=&#8221;{}&#8221;][et_pb_column type=&#8221;4_4&#8243; _builder_version=&#8221;4.27.0&#8243; _module_preset=&#8221;default&#8221; global_colors_info=&#8221;{}&#8221;][et_pb_text _builder_version=&#8221;4.27.2&#8243; _module_preset=&#8221;default&#8221; header_2_font_size=&#8221;18px&#8221; global_colors_info=&#8221;{}&#8221;]<\/p>\n<h2><strong>Ehiza eta onddo barrutiak<\/strong><\/h2>\n<p>Nafarroan baimendutako barrutietan bakarrik ehizatu daiteke, inoiz ez eremu libreetan. Uztarrozeko ehiza-barrutiak 10431 matrikula du eta Crucheta herriko ehiztarien elkarteak kudeatzen du.<br \/><a href=\"https:\/\/uztarroz.es\/wp-content\/uploads\/2024\/10\/19990607-onddoen-perretxikoen-eta-gainerako-produktu-naturalen-probetxamenduaren-tasa-arautzen-duen-ordenantza.pdf\" target=\"_blank\" rel=\"noopener\">Onddo-barrutiari dagokionez, udal-ordenantzak arautzen du<\/a>.<\/p>\n<p>[\/et_pb_text][\/et_pb_column][\/et_pb_row][et_pb_row column_structure=&#8221;1_3,2_3&#8243; admin_label=&#8221;Uztarroze-Iru\u00f1ea autobusa&#8221; _builder_version=&#8221;4.27.2&#8243; _module_preset=&#8221;default&#8221; custom_margin=&#8221;||||false|false&#8221; custom_padding=&#8221;||0px||false|false&#8221; hover_enabled=&#8221;0&#8243; border_width_bottom=&#8221;1px&#8221; border_style_bottom=&#8221;dotted&#8221; global_colors_info=&#8221;{}&#8221; sticky_enabled=&#8221;0&#8243;][et_pb_column type=&#8221;1_3&#8243; _builder_version=&#8221;4.27.0&#8243; _module_preset=&#8221;default&#8221; global_colors_info=&#8221;{}&#8221;][et_pb_blog include_categories=&#8221;35&#8243; meta_date=&#8221;Y\/m\/d&#8221; use_manual_excerpt=&#8221;off&#8221; show_author=&#8221;off&#8221; show_categories=&#8221;off&#8221; show_excerpt=&#8221;off&#8221; show_pagination=&#8221;off&#8221; _builder_version=&#8221;4.27.2&#8243; _module_preset=&#8221;default&#8221; text_orientation=&#8221;center&#8221; custom_margin=&#8221;||||false|false&#8221; custom_padding=&#8221;||||false|false&#8221; hover_enabled=&#8221;0&#8243; global_colors_info=&#8221;{}&#8221; sticky_enabled=&#8221;0&#8243;][\/et_pb_blog][\/et_pb_column][et_pb_column type=&#8221;2_3&#8243; _builder_version=&#8221;4.27.2&#8243; _module_preset=&#8221;default&#8221; custom_padding=&#8221;||||false|false&#8221; global_colors_info=&#8221;{}&#8221;][et_pb_text _builder_version=&#8221;4.27.2&#8243; _module_preset=&#8221;default&#8221; header_2_font_size=&#8221;18px&#8221; hover_enabled=&#8221;0&#8243; global_colors_info=&#8221;{}&#8221; sticky_enabled=&#8221;0&#8243;]<\/p>\n<h2><strong>Uztarroze-Iru\u00f1ea autobusa<\/strong><\/h2>\n<p>Garraioa <a href=\"https:\/\/www.alsa.es\/horarios-autobuses?p_p_id=SchedulePortlet_WAR_Alsaportlet&amp;p_p_lifecycle=1&amp;p_p_state=normal&amp;p_p_mode=view&amp;_SchedulePortlet_WAR_Alsaportlet_javax.portlet.action=searchJourneysActionSchedules&amp;p_auth=OsI0JnZ7\" target=\"_blank\" rel=\"noopener\">Alsa<\/a> konpainiak egiten du. <br \/><strong>Ordutegia:<\/strong> astelehenetik ortzilarera, 09:30ean Uztarrozetik irten eta 17:00etan Iru\u00f1etik itzuli. Larunbatetan, irteera 07:00etan eta itzulera 15:00etan.<br \/><strong>Ibilbidea:<\/strong> Uztarroze, Izaba, Urzainki, Erronkari, Garde, Burgi, Salvatierra de Esca, Sig\u00fc\u00e9s, Venta Carrica, Esco, Tiermas, Exa, Xabier, Zangoza, Iru\u00f1a<\/p>\n<p>[\/et_pb_text][\/et_pb_column][\/et_pb_row][et_pb_row column_structure=&#8221;1_3,2_3&#8243; admin_label=&#8221;Taberna, okindegia, elkarteak eta ostatuak&#8221; _builder_version=&#8221;4.27.0&#8243; _module_preset=&#8221;default&#8221; border_style_bottom=&#8221;dotted&#8221; global_colors_info=&#8221;{}&#8221;][et_pb_column type=&#8221;1_3&#8243; _builder_version=&#8221;4.27.0&#8243; _module_preset=&#8221;default&#8221; global_colors_info=&#8221;{}&#8221;][et_pb_image src=&#8221;https:\/\/uztarroz.es\/wp-content\/uploads\/2024\/09\/Uztarroz-Uztarroze-3.jpg&#8221; alt=&#8221;Uztarroze&#8221; title_text=&#8221;Uztarroze&#8221; _builder_version=&#8221;4.27.0&#8243; _module_preset=&#8221;default&#8221; hover_enabled=&#8221;0&#8243; global_colors_info=&#8221;{}&#8221; sticky_enabled=&#8221;0&#8243;][\/et_pb_image][\/et_pb_column][et_pb_column type=&#8221;2_3&#8243; _builder_version=&#8221;4.27.0&#8243; _module_preset=&#8221;default&#8221; global_colors_info=&#8221;{}&#8221;][et_pb_text _builder_version=&#8221;4.27.4&#8243; _module_preset=&#8221;default&#8221; header_2_font_size=&#8221;18px&#8221; hover_enabled=&#8221;0&#8243; global_colors_info=&#8221;{}&#8221; sticky_enabled=&#8221;0&#8243;]<\/p>\n<h2><strong>Taberna, okindegia, elkarteak eta ostatuak<\/strong><\/h2>\n<ul>\n<li><strong>Roy\u00e9 taberna:<\/strong> Herriko plazan.<\/li>\n<li><strong>Espandoia okindegia.<\/strong> Bezperan enkargatu behar da.<\/li>\n<li><strong>Elkarteak<\/strong>: Zuberrieta (zuberrieta@gmail.com)<\/li>\n<li><strong>Ostatuak:<\/strong>\n<ul>\n<li><strong>Allurkos apartamentuak:<\/strong> <a href=\"http:\/\/www.allurkos.com\/\" target=\"_blank\" rel=\"noopener\">http:\/\/www.allurkos.com\/<\/a><\/li>\n<li><strong>El mirador de mi abuela:<\/strong> <a href=\"https:\/\/www.elmiradordemiabuela.com\/\" target=\"_blank\" rel=\"noopener\">https:\/\/www.elmiradordemiabuela.com\/<\/a><\/li>\n<li><strong>Pedroixko:<\/strong> <a href=\"https:\/\/www.turismovallederoncal.com\/listing-item\/pedroixko-etxea\/\" target=\"_blank\" rel=\"noopener\">https:\/\/www.turismovallederoncal.com\/listing-item\/pedroixko-etxea\/<\/a><\/li>\n<li><strong>Kabila:<\/strong> <a href=\"https:\/\/www.turismovallederoncal.com\/listing-item\/casa-rural-kabila\/\" target=\"_blank\" rel=\"noopener\">https:\/\/www.turismovallederoncal.com\/listing-item\/casa-rural-kabila\/<\/a><\/li>\n<\/ul>\n<\/li>\n<\/ul>\n<p>[\/et_pb_text][\/et_pb_column][\/et_pb_row][\/et_pb_section]<\/p>\n","protected":false},"excerpt":{"rendered":"<p>Kontsultategi medikoa Herriko plazan dago. Aldez aurretik hitzordua eskatu behar da 948 893 366\/34 948 893 444 telefonora deituta (goizez bakarrik). Gainerako orduetan deitu Nafarroako Larrialdietako 112 telefonora, Izabako osasun-etxera.Ibai-igerilekua Garilean eta agorrilean Zabalea zubiaren azpian presa bat jartzen da bainatzeko gune eder bat sortuz. Osasun Departamentuaren analisien arabera, kalitate handiko ura izaten da.Pilotalekua, haur-parkea [&hellip;]<\/p>\n","protected":false},"author":1,"featured_media":754,"parent":841,"menu_order":0,"comment_status":"closed","ping_status":"closed","template":"","meta":{"_et_pb_use_builder":"on","_et_pb_old_content":"","_et_gb_content_width":"","footnotes":""},"class_list":["post-865","page","type-page","status-publish","has-post-thumbnail","hentry"],"_links":{"self":[{"href":"https:\/\/uztarroz.es\/eu\/wp-json\/wp\/v2\/pages\/865","targetHints":{"allow":["GET"]}}],"collection":[{"href":"https:\/\/uztarroz.es\/eu\/wp-json\/wp\/v2\/pages"}],"about":[{"href":"https:\/\/uztarroz.es\/eu\/wp-json\/wp\/v2\/types\/page"}],"author":[{"embeddable":true,"href":"https:\/\/uztarroz.es\/eu\/wp-json\/wp\/v2\/users\/1"}],"replies":[{"embeddable":true,"href":"https:\/\/uztarroz.es\/eu\/wp-json\/wp\/v2\/comments?post=865"}],"version-history":[{"count":8,"href":"https:\/\/uztarroz.es\/eu\/wp-json\/wp\/v2\/pages\/865\/revisions"}],"predecessor-version":[{"id":1690,"href":"https:\/\/uztarroz.es\/eu\/wp-json\/wp\/v2\/pages\/865\/revisions\/1690"}],"up":[{"embeddable":true,"href":"https:\/\/uztarroz.es\/eu\/wp-json\/wp\/v2\/pages\/841"}],"wp:featuredmedia":[{"embeddable":true,"href":"https:\/\/uztarroz.es\/eu\/wp-json\/wp\/v2\/media\/754"}],"wp:attachment":[{"href":"https:\/\/uztarroz.es\/eu\/wp-json\/wp\/v2\/media?parent=865"}],"curies":[{"name":"wp","href":"https:\/\/api.w.org\/{rel}","templated":true}]}}